{"id":1327,"date":"2021-07-15T10:29:37","date_gmt":"2021-07-15T10:29:37","guid":{"rendered":"https:\/\/vorschau.elisabeth-hansen.de\/?page_id=1327"},"modified":"2021-07-15T11:00:49","modified_gmt":"2021-07-15T11:00:49","slug":"ausstellungen","status":"publish","type":"page","link":"https:\/\/vorschau.elisabeth-hansen.de\/index.php\/ausstellungen\/","title":{"rendered":"Ausstellungen"},"content":{"rendered":"\t\t<div data-elementor-type=\"wp-page\" data-elementor-id=\"1327\" class=\"elementor elementor-1327\" data-elementor-settings=\"[]\">\n\t\t\t\t\t\t<div class=\"elementor-inner\">\n\t\t\t\t\t\t\t<div class=\"elementor-section-wrap\">\n\t\t\t\t\t\t\t<section class=\"elementor-section elementor-top-section elementor-element elementor-element-2e7bb42 elementor-section-full_width elementor-section-height-min-height elementor-section-height-default elementor-section-items-middle\" data-id=\"2e7bb42\" data-element_type=\"section\">\n\t\t\t\t\t\t<div class=\"elementor-container elementor-column-gap-default\">\n\t\t\t\t\t\t\t<div class=\"elementor-row\">\n\t\t\t\t\t<div class=\"elementor-column elementor-col-100 elementor-top-column elementor-element elementor-element-61d3730\" data-id=\"61d3730\" data-element_type=\"column\">\n\t\t\t<div class=\"elementor-column-wrap elementor-element-populated\">\n\t\t\t\t\t\t\t<div class=\"elementor-widget-wrap\">\n\t\t\t\t\t\t<div class=\"elementor-element elementor-element-b546d8b elementor-widget elementor-widget-image\" data-id=\"b546d8b\" data-element_type=\"widget\" data-widget_type=\"image.default\">\n\t\t\t\t<div class=\"elementor-widget-container\">\n\t\t\t\t\t\t\t\t<div class=\"elementor-image\">\n\t\t\t\t\t\t\t\t\t\t\t\t<img loading=\"lazy\" decoding=\"async\" width=\"1600\" height=\"418\" src=\"https:\/\/vorschau.elisabeth-hansen.de\/wp-content\/uploads\/2021\/07\/elisabethhansen3_next.jpg\" class=\"attachment-full size-full\" alt=\"\" srcset=\"https:\/\/vorschau.elisabeth-hansen.de\/wp-content\/uploads\/2021\/07\/elisabethhansen3_next.jpg 1600w, https:\/\/vorschau.elisabeth-hansen.de\/wp-content\/uploads\/2021\/07\/elisabethhansen3_next-300x78.jpg 300w, https:\/\/vorschau.elisabeth-hansen.de\/wp-content\/uploads\/2021\/07\/elisabethhansen3_next-1024x268.jpg 1024w, https:\/\/vorschau.elisabeth-hansen.de\/wp-content\/uploads\/2021\/07\/elisabethhansen3_next-768x201.jpg 768w, https:\/\/vorschau.elisabeth-hansen.de\/wp-content\/uploads\/2021\/07\/elisabethhansen3_next-1536x401.jpg 1536w\" sizes=\"auto, (max-width: 1600px) 100vw, 1600px\" \/>\t\t\t\t\t\t\t\t\t\t\t\t\t\t<\/div>\n\t\t\t\t\t\t<\/div>\n\t\t\t\t<\/div>\n\t\t\t\t\t\t<\/div>\n\t\t\t\t\t<\/div>\n\t\t<\/div>\n\t\t\t\t\t\t\t\t<\/div>\n\t\t\t\t\t<\/div>\n\t\t<\/section>\n\t\t\t\t<section class=\"elementor-section elementor-top-section elementor-element elementor-element-fceceb0 elementor-section-full_width elementor-section-height-default elementor-section-height-default\" data-id=\"fceceb0\" data-element_type=\"section\">\n\t\t\t\t\t\t<div class=\"elementor-container elementor-column-gap-default\">\n\t\t\t\t\t\t\t<div class=\"elementor-row\">\n\t\t\t\t\t<div class=\"elementor-column elementor-col-100 elementor-top-column elementor-element elementor-element-91dda85\" data-id=\"91dda85\" data-element_type=\"column\">\n\t\t\t<div class=\"elementor-column-wrap elementor-element-populated\">\n\t\t\t\t\t\t\t<div class=\"elementor-widget-wrap\">\n\t\t\t\t\t\t<div class=\"elementor-element elementor-element-f7e77c6 elementor-widget elementor-widget-heading\" data-id=\"f7e77c6\" data-element_type=\"widget\" data-widget_type=\"heading.default\">\n\t\t\t\t<div class=\"elementor-widget-container\">\n\t\t\t<h2 class=\"elementor-heading-title elementor-size-default\">Alle Ausstellungen<\/h2>\t\t<\/div>\n\t\t\t\t<\/div>\n\t\t\t\t<div class=\"elementor-element elementor-element-7a0beeb elementor-widget elementor-widget-text-editor\" data-id=\"7a0beeb\" data-element_type=\"widget\" data-widget_type=\"text-editor.default\">\n\t\t\t\t<div class=\"elementor-widget-container\">\n\t\t\t\t\t\t\t\t<div class=\"elementor-text-editor elementor-clearfix\">\n\t\t\t\t\t<p>1984 Jahresausstellung &#8222;form+farbe&#8220; der AKM im K\u00fcnstlerhaus Metternich Koblenz (erstmalig)<\/p><p>1985 Johannes-Gutenberg-Universit\u00e4t Mainz<br \/>1987 Jahreskunstausstellung im Kreishaus Neuwied<\/p><p>1988 Burggrafiat in Alzey\u00a0(Ausstellung zum Kunstpreis des Landkreises Alzey-Worms)<\/p><p>1988 Pfalzgalerie Kaiserslautern (Ausstellung zum Sickingen Kunstpreis)<br \/>1989 Mittelrhein-Museum Koblenz<br \/>1988 Galerie Engelhaupt in Heinsberg (Kunstpreisausstellung)<br \/>1989 Jahresaustellung der Bildenden K\u00fcnstler aus der Eifel und den Ardennen<\/p><p>1989 Wilhelm Droescher Haus in Kirm (Kunstpreisausstellung)<br \/>1989 Rheinisches Landesmuseum in Trier (Landeskunstausstellung)<\/p><p>1990 Heimathaus in Traunreut\/Chiemsee (Kunstpreisausstellung)<\/p><p>1990 Keramikmuseum in H\u00f6hr-Grenzhausen (Landeskunstausstellung)<\/p><p>1990 Rheinisches Landesmuseum in Trier (Kunstpreisausstellung des Landkreises\u00a0Trier-Saarburg f\u00fcr Malerei)<br \/>1990 Weinbaumuseum in Oppenheim<\/p><p>1991 Galerie Steinacker in Koblenz<br \/>1991 K\u00fcnstlerhaus Metternich in Koblenz, Ausstellung mit Antonie Becker, Ursula\u00a0Maas u. Ilse Wild-Kussler<br \/>1992 Landtag in Mainz<br \/>1992 Kunsthaus in D\u00fcsseldorf-Mettmann<\/p><p>1996 K\u00fcnstlerhaus Beda in Bitburg<br \/>1996 Zehnthaus in Jockgrim (Ausstellung des BBK)<br \/>1996 Galerie Uhrturm in Dierdorf (Kunstpreisausstellung)<br \/>1996 Frankenthal (Ausstellung zum Perron-Kunstpreis)<\/p><p>1997 Kunstzentrum &#8222;Hof de Bist&#8220; in Antwerpen<br \/>1996 Galerie Feldkirchen in Neuwied<br \/>1997 K\u00fcnstlerhaus Metternich in Koblenz,\u00a0Gemeinschaftsausstellung mit Martina Kaul<br \/>1997 Tuchfabrik in Trier (Kunstpreisausstellung des Landkreises Trier-Saarburg)<\/p><p>1998 Rathaus in Mainz, Kunst am Bau, 3. Vergabeeinheit Staatstheater Mainz<br \/>1999 IG Metall, Galerie in Franfkurt (Kunstpreisausstellung)<\/p><p>2011 Aschermittwoch der K\u00fcnstler (K\u00fcnstlerhaus Metternich Koblenz)<br \/>2011 Abteigeb\u00e4ude in Pr\u00fcm (Jahresausstellung des EVBK)<br \/>2011 Teilnahme an der &#8222;Langen Nacht der Museen&#8220; <br \/>2011 K\u00fcnstlerhaus Metternich, Koblenz &#8222;form und farbe&#8220; <br \/>2012 Aschermittwoch der K\u00fcnstler im K\u00fcnstlerhaus Metternich, Koblenz<br \/>2012 &#8222;form+farbe&#8220; Jahresausstellung der AKM, K\u00fcnstlerhaus Metternich, Koblenz<br \/>2012 Jahresausstellung der EVBK, Abteigeg\u00e4ude in Pr\u00fcm<br \/>2013 Aschermittwoch der K\u00fcnstler im K\u00fcnstlerhaus Metternich, Koblenz<br \/>2013 Jahresausstellung der EVBK, Abteigeb\u00e4ude in Pr\u00fcm<br \/>2013 &#8222;form+farbe&#8220; Jahresausstellung der AKM im K\u00fcnstlerhaus Metternich, Koblenz<br \/>2014 K\u00fcnstlerhaus Metternich in Koblenz ( Einzelausstellung)\u00a0Landschaftsfragmente &#8211; eine Spurensuche<br \/>2014 Landesvertretung Rheinland-Pfalz, Ministerg\u00e4rten Berlin<br \/>2014 NEXUS II, Mittelrhein Museum Koblenz<br \/>2015 &#8222;Serielle Ereignisse&#8220;, Lange Nacht der Museen, K\u00fcnstlerhaus Metternich, Koblenz<br \/>2015 &#8222;form+farbe&#8220;, Jahresausstellung der AKM<br \/>2016 &#8222;Ein Teil des Ganzen III&#8220;, Ausstellung zum Aschermittwoch der K\u00fcnstler,\u00a0K\u00fcnstlerhaus Metternich, Koblenz<br \/>2016 &#8222;fragmentarische Betrachtungen&#8220;, Einzelausstellung in der Festungskirche auf der\u00a0Festung Ehrenbreitstein in Koblenz. <br \/>2017 NEXUS III, Festung Ehrenbreitstein Koblenz<br \/>2017 Jahresausstellung der EVBK in Pr\u00fcm<br \/>2017 SWR-Studio in Trier<br \/>2018 &#8222;Ein Teil des Ganzen V&#8220;, K\u00fcnstlerhaus Metternich in Koblenz<br \/>2019 &#8222;Ereignisfelder&#8220;, Gemeinschaftsausstellung mit Lena Feldmann, Aloys Rump und Ulrich Westerfr\u00f6lke, K\u00fcnstlerhaus Metternich, Koblenz<\/p>\t\t\t\t\t<\/div>\n\t\t\t\t\t\t<\/div>\n\t\t\t\t<\/div>\n\t\t\t\t<div class=\"elementor-element elementor-element-ee4af44 elementor-widget elementor-widget-text-editor\" data-id=\"ee4af44\" data-element_type=\"widget\" data-widget_type=\"text-editor.default\">\n\t\t\t\t<div class=\"elementor-widget-container\">\n\t\t\t\t\t\t\t\t<div class=\"elementor-text-editor elementor-clearfix\">\n\t\t\t\t\t<p>Zahlreiche Bilder befinden sich in privatem und \u00f6ffentlichem Besitz &#8211; Ank\u00e4ufe durch das Kultusministerium RLP f\u00fcr die Sammlung des Landes RLP<\/p>\t\t\t\t\t<\/div>\n\t\t\t\t\t\t<\/div>\n\t\t\t\t<\/div>\n\t\t\t\t\t\t<\/div>\n\t\t\t\t\t<\/div>\n\t\t<\/div>\n\t\t\t\t\t\t\t\t<\/div>\n\t\t\t\t\t<\/div>\n\t\t<\/section>\n\t\t\t\t<section class=\"elementor-section elementor-top-section elementor-element elementor-element-5b59638 elementor-section-full_width elementor-section-height-default elementor-section-height-default\" data-id=\"5b59638\" data-element_type=\"section\">\n\t\t\t\t\t\t<div class=\"elementor-container elementor-column-gap-default\">\n\t\t\t\t\t\t\t<div class=\"elementor-row\">\n\t\t\t\t\t<div class=\"elementor-column elementor-col-100 elementor-top-column elementor-element elementor-element-6d40a70\" data-id=\"6d40a70\" data-element_type=\"column\">\n\t\t\t<div class=\"elementor-column-wrap elementor-element-populated\">\n\t\t\t\t\t\t\t<div class=\"elementor-widget-wrap\">\n\t\t\t\t\t\t<div class=\"elementor-element elementor-element-8358f96 elementor-widget elementor-widget-gallery\" data-id=\"8358f96\" data-element_type=\"widget\" data-settings=\"{&quot;lazyload&quot;:&quot;yes&quot;,&quot;gallery_layout&quot;:&quot;grid&quot;,&quot;columns&quot;:4,&quot;columns_tablet&quot;:2,&quot;columns_mobile&quot;:1,&quot;gap&quot;:{&quot;unit&quot;:&quot;px&quot;,&quot;size&quot;:10,&quot;sizes&quot;:[]},&quot;gap_tablet&quot;:{&quot;unit&quot;:&quot;px&quot;,&quot;size&quot;:10,&quot;sizes&quot;:[]},&quot;gap_mobile&quot;:{&quot;unit&quot;:&quot;px&quot;,&quot;size&quot;:10,&quot;sizes&quot;:[]},&quot;link_to&quot;:&quot;file&quot;,&quot;aspect_ratio&quot;:&quot;3:2&quot;,&quot;overlay_background&quot;:&quot;yes&quot;,&quot;content_hover_animation&quot;:&quot;fade-in&quot;}\" data-widget_type=\"gallery.default\">\n\t\t\t\t<div class=\"elementor-widget-container\">\n\t\t\t\t\t<div class=\"elementor-gallery__container\">\n\t\t\t\t\t\t\t<a class=\"e-gallery-item elementor-gallery-item elementor-animated-content\" href=\"https:\/\/vorschau.elisabeth-hansen.de\/wp-content\/uploads\/2021\/07\/ausstellungen4.jpg\" data-elementor-open-lightbox=\"yes\" data-elementor-lightbox-slideshow=\"all-8358f96\" data-elementor-lightbox-title=\"ausstellungen4\">\n\t\t\t\t\t<div class=\"e-gallery-image elementor-gallery-item__image\" data-thumbnail=\"https:\/\/vorschau.elisabeth-hansen.de\/wp-content\/uploads\/2021\/07\/ausstellungen4-300x200.jpg\" data-width=\"300\" data-height=\"200\" alt=\"\" ><\/div>\n\t\t\t\t\t\t\t\t\t\t<div class=\"elementor-gallery-item__overlay\"><\/div>\n\t\t\t\t\t\t\t\t\t\t\t\t\t\t<\/a>\n\t\t\t\t\t\t\t<a class=\"e-gallery-item elementor-gallery-item elementor-animated-content\" href=\"https:\/\/vorschau.elisabeth-hansen.de\/wp-content\/uploads\/2021\/07\/ausstellungen3.jpg\" data-elementor-open-lightbox=\"yes\" data-elementor-lightbox-slideshow=\"all-8358f96\" data-elementor-lightbox-title=\"ausstellungen3\">\n\t\t\t\t\t<div class=\"e-gallery-image elementor-gallery-item__image\" data-thumbnail=\"https:\/\/vorschau.elisabeth-hansen.de\/wp-content\/uploads\/2021\/07\/ausstellungen3-300x200.jpg\" data-width=\"300\" data-height=\"200\" alt=\"\" ><\/div>\n\t\t\t\t\t\t\t\t\t\t<div class=\"elementor-gallery-item__overlay\"><\/div>\n\t\t\t\t\t\t\t\t\t\t\t\t\t\t<\/a>\n\t\t\t\t\t\t\t<a class=\"e-gallery-item elementor-gallery-item elementor-animated-content\" href=\"https:\/\/vorschau.elisabeth-hansen.de\/wp-content\/uploads\/2021\/07\/ausstellungen1.jpg\" data-elementor-open-lightbox=\"yes\" data-elementor-lightbox-slideshow=\"all-8358f96\" data-elementor-lightbox-title=\"ausstellungen1\">\n\t\t\t\t\t<div class=\"e-gallery-image elementor-gallery-item__image\" data-thumbnail=\"https:\/\/vorschau.elisabeth-hansen.de\/wp-content\/uploads\/2021\/07\/ausstellungen1-300x200.jpg\" data-width=\"300\" data-height=\"200\" alt=\"\" ><\/div>\n\t\t\t\t\t\t\t\t\t\t<div class=\"elementor-gallery-item__overlay\"><\/div>\n\t\t\t\t\t\t\t\t\t\t\t\t\t\t<\/a>\n\t\t\t\t\t\t\t<a class=\"e-gallery-item elementor-gallery-item elementor-animated-content\" href=\"https:\/\/vorschau.elisabeth-hansen.de\/wp-content\/uploads\/2021\/07\/ausstellungen2.jpg\" data-elementor-open-lightbox=\"yes\" data-elementor-lightbox-slideshow=\"all-8358f96\" data-elementor-lightbox-title=\"ausstellungen2\">\n\t\t\t\t\t<div class=\"e-gallery-image elementor-gallery-item__image\" data-thumbnail=\"https:\/\/vorschau.elisabeth-hansen.de\/wp-content\/uploads\/2021\/07\/ausstellungen2-300x194.jpg\" data-width=\"300\" data-height=\"194\" alt=\"\" ><\/div>\n\t\t\t\t\t\t\t\t\t\t<div class=\"elementor-gallery-item__overlay\"><\/div>\n\t\t\t\t\t\t\t\t\t\t\t\t\t\t<\/a>\n\t\t\t\t\t<\/div>\n\t\t\t<\/div>\n\t\t\t\t<\/div>\n\t\t\t\t\t\t<\/div>\n\t\t\t\t\t<\/div>\n\t\t<\/div>\n\t\t\t\t\t\t\t\t<\/div>\n\t\t\t\t\t<\/div>\n\t\t<\/section>\n\t\t\t\t<footer class=\"elementor-section elementor-top-section elementor-element elementor-element-19ea13d0 elementor-section-content-middle elementor-section-full_width elementor-section-stretched elementor-section-height-default elementor-section-height-default\" data-id=\"19ea13d0\" data-element_type=\"section\" data-settings=\"{&quot;background_background&quot;:&quot;classic&quot;,&quot;stretch_section&quot;:&quot;section-stretched&quot;}\">\n\t\t\t\t\t\t<div class=\"elementor-container elementor-column-gap-no\">\n\t\t\t\t\t\t\t<div class=\"elementor-row\">\n\t\t\t\t\t<div class=\"elementor-column elementor-col-100 elementor-top-column elementor-element elementor-element-63f770cc\" data-id=\"63f770cc\" data-element_type=\"column\">\n\t\t\t<div class=\"elementor-column-wrap elementor-element-populated\">\n\t\t\t\t\t\t\t<div class=\"elementor-widget-wrap\">\n\t\t\t\t\t\t<div class=\"elementor-element elementor-element-57facaa elementor-nav-menu__align-right elementor-nav-menu--dropdown-mobile elementor-nav-menu__text-align-center elementor-nav-menu--toggle elementor-nav-menu--burger elementor-widget elementor-widget-nav-menu\" data-id=\"57facaa\" data-element_type=\"widget\" data-settings=\"{&quot;layout&quot;:&quot;horizontal&quot;,&quot;submenu_icon&quot;:{&quot;value&quot;:&quot;fas fa-caret-down&quot;,&quot;library&quot;:&quot;fa-solid&quot;},&quot;toggle&quot;:&quot;burger&quot;}\" data-widget_type=\"nav-menu.default\">\n\t\t\t\t<div class=\"elementor-widget-container\">\n\t\t\t\t\t\t<nav migration_allowed=\"1\" migrated=\"0\" role=\"navigation\" class=\"elementor-nav-menu--main elementor-nav-menu__container elementor-nav-menu--layout-horizontal e--pointer-none\"><ul id=\"menu-1-57facaa\" class=\"elementor-nav-menu\"><li class=\"menu-item menu-item-type-post_type menu-item-object-page menu-item-1075\"><a href=\"https:\/\/vorschau.elisabeth-hansen.de\/index.php\/impressum\/\" class=\"elementor-item\">Impressum<\/a><\/li>\n<li class=\"menu-item menu-item-type-post_type menu-item-object-page menu-item-1074\"><a href=\"https:\/\/vorschau.elisabeth-hansen.de\/index.php\/datenschutz\/\" class=\"elementor-item\">Datenschutz<\/a><\/li>\n<\/ul><\/nav>\n\t\t\t\t\t<div class=\"elementor-menu-toggle\" role=\"button\" tabindex=\"0\" aria-label=\"Menu Toggle\" aria-expanded=\"false\">\n\t\t\t<i class=\"eicon-menu-bar\" aria-hidden=\"true\" role=\"presentation\"><\/i>\n\t\t\t<span class=\"elementor-screen-only\">Menu<\/span>\n\t\t<\/div>\n\t\t\t<nav class=\"elementor-nav-menu--dropdown elementor-nav-menu__container\" role=\"navigation\" aria-hidden=\"true\"><ul id=\"menu-2-57facaa\" class=\"elementor-nav-menu\"><li class=\"menu-item menu-item-type-post_type menu-item-object-page menu-item-1075\"><a href=\"https:\/\/vorschau.elisabeth-hansen.de\/index.php\/impressum\/\" class=\"elementor-item\" tabindex=\"-1\">Impressum<\/a><\/li>\n<li class=\"menu-item menu-item-type-post_type menu-item-object-page menu-item-1074\"><a href=\"https:\/\/vorschau.elisabeth-hansen.de\/index.php\/datenschutz\/\" class=\"elementor-item\" tabindex=\"-1\">Datenschutz<\/a><\/li>\n<\/ul><\/nav>\n\t\t\t\t<\/div>\n\t\t\t\t<\/div>\n\t\t\t\t\t\t<\/div>\n\t\t\t\t\t<\/div>\n\t\t<\/div>\n\t\t\t\t\t\t\t\t<\/div>\n\t\t\t\t\t<\/div>\n\t\t<\/footer>\n\t\t\t\t\t\t<\/div>\n\t\t\t\t\t\t<\/div>\n\t\t\t\t\t<\/div>\n\t\t","protected":false},"excerpt":{"rendered":"<p>Alle Ausstellungen 1984 Jahresausstellung &#8222;form+farbe&#8220; der AKM im K\u00fcnstlerhaus Metternich Koblenz (erstmalig) 1985 Johannes-Gutenberg-Universit\u00e4t Mainz1987 Jahreskunstausstellung im Kreishaus Neuwied 1988 Burggrafiat in Alzey\u00a0(Ausstellung zum Kunstpreis des Landkreises Alzey-Worms) 1988 Pfalzgalerie Kaiserslautern (Ausstellung zum Sickingen Kunstpreis)1989 Mittelrhein-Museum Koblenz1988 Galerie Engelhaupt in Heinsberg (Kunstpreisausstellung)1989 Jahresaustellung der Bildenden K\u00fcnstler aus der Eifel und den Ardennen 1989 Wilhelm Droescher [&hellip;]<\/p>\n","protected":false},"author":1,"featured_media":0,"parent":0,"menu_order":0,"comment_status":"closed","ping_status":"closed","template":"","meta":{"footnotes":""},"class_list":["post-1327","page","type-page","status-publish","hentry","entry"],"_links":{"self":[{"href":"https:\/\/vorschau.elisabeth-hansen.de\/index.php\/wp-json\/wp\/v2\/pages\/1327","targetHints":{"allow":["GET"]}}],"collection":[{"href":"https:\/\/vorschau.elisabeth-hansen.de\/index.php\/wp-json\/wp\/v2\/pages"}],"about":[{"href":"https:\/\/vorschau.elisabeth-hansen.de\/index.php\/wp-json\/wp\/v2\/types\/page"}],"author":[{"embeddable":true,"href":"https:\/\/vorschau.elisabeth-hansen.de\/index.php\/wp-json\/wp\/v2\/users\/1"}],"replies":[{"embeddable":true,"href":"https:\/\/vorschau.elisabeth-hansen.de\/index.php\/wp-json\/wp\/v2\/comments?post=1327"}],"version-history":[{"count":19,"href":"https:\/\/vorschau.elisabeth-hansen.de\/index.php\/wp-json\/wp\/v2\/pages\/1327\/revisions"}],"predecessor-version":[{"id":1365,"href":"https:\/\/vorschau.elisabeth-hansen.de\/index.php\/wp-json\/wp\/v2\/pages\/1327\/revisions\/1365"}],"wp:attachment":[{"href":"https:\/\/vorschau.elisabeth-hansen.de\/index.php\/wp-json\/wp\/v2\/media?parent=1327"}],"curies":[{"name":"wp","href":"https:\/\/api.w.org\/{rel}","templated":true}]}}